{"id":1194,"date":"2025-02-19T22:49:32","date_gmt":"2025-02-19T22:49:32","guid":{"rendered":"https:\/\/bacaratds.com.ar\/cosechatardia\/?post_type=product&#038;p=1194"},"modified":"2026-02-12T22:48:22","modified_gmt":"2026-02-12T22:48:22","slug":"tempranillo-zuccardi-q-familia-zuccardi","status":"publish","type":"product","link":"https:\/\/bacaratds.com.ar\/cosechatardia\/producto\/tempranillo-zuccardi-q-familia-zuccardi\/","title":{"rendered":"Tempranillo Zuccardi Q Familia Zuccardi"},"content":{"rendered":"<p>ORIGEN: Santa Rosa, Mendoza, Argentina. 620 m|2034 ft.<\/p>\n<p>EL LUGAR: Ubicada al sudeste de la provincia, a 85 kil\u00f3metros de la ciudad de Mendoza y a 620 msnm, Santa Rosa es una de las regiones m\u00e1s antiguas y con m\u00e1s tradici\u00f3n en el cultivo de la vid. Se caracteriza por ser des\u00e9rtica, con un clima c\u00e1lido y gran amplitud t\u00e9rmica entre el d\u00eda y la noche. All\u00ed, se utiliza el sistema de conducci\u00f3n de la vid en parral, para proteger a los racimos en las horas de mayor radiaci\u00f3n solar y para obtener mejor aireaci\u00f3n y frescura.<\/p>\n<p>COSECHA La cosecha 2019 fue excepcional, fresca y seca. Con temperaturas que se ubicaron por debajo de la media y una gran amplitud t\u00e9rmica. Las condiciones clim\u00e1ticas nos dieron muy buena acidez natural, taninos de muy buena estructura, excelente fruta y nada de sobremadurez.<\/p>\n<p>VINIFICACI\u00d3N Selecci\u00f3n de racimos. Llenado de piletas por gravedad. Fermentaci\u00f3n en vasijas de concreto con levaduras nativas. Crianza en barricas usadas de roble franc\u00e9s de 225 lt.<\/p>\n<p>COMPOSICI\u00d3N VARIETAL: 100% Tempranillo<\/p>\n<p>ALCOHOL: 14% vol.<\/p>\n","protected":false},"excerpt":{"rendered":"<p>ORIGEN: Santa Rosa, Mendoza, Argentina. 620 m|2034 ft. EL LUGAR: Ubicada al sudeste de la provincia, a 85 kil\u00f3metros de la ciudad de Mendoza y a 620 msnm, Santa Rosa es una de las regiones m\u00e1s antiguas y con m\u00e1s tradici\u00f3n en el cultivo de la vid. Se caracteriza por ser des\u00e9rtica, con un clima&hellip;<\/p>\n","protected":false},"featured_media":1195,"comment_status":"open","ping_status":"closed","template":"","meta":[],"product_brand":[107,127],"product_cat":[57,62],"product_tag":[],"class_list":{"0":"post-1194","1":"product","2":"type-product","3":"status-publish","4":"has-post-thumbnail","6":"product_brand-familia-zuccardi","7":"product_brand-zuccardi-q","8":"product_cat-vino-reserva","9":"product_cat-vino-tinto","10":"product_shipping_class-a-coordinar-con-cliente","12":"first","13":"instock","14":"purchasable","15":"product-type-simple"},"_links":{"self":[{"href":"https:\/\/bacaratds.com.ar\/cosechatardia\/wp-json\/wp\/v2\/product\/1194","targetHints":{"allow":["GET"]}}],"collection":[{"href":"https:\/\/bacaratds.com.ar\/cosechatardia\/wp-json\/wp\/v2\/product"}],"about":[{"href":"https:\/\/bacaratds.com.ar\/cosechatardia\/wp-json\/wp\/v2\/types\/product"}],"replies":[{"embeddable":true,"href":"https:\/\/bacaratds.com.ar\/cosechatardia\/wp-json\/wp\/v2\/comments?post=1194"}],"wp:featuredmedia":[{"embeddable":true,"href":"https:\/\/bacaratds.com.ar\/cosechatardia\/wp-json\/wp\/v2\/media\/1195"}],"wp:attachment":[{"href":"https:\/\/bacaratds.com.ar\/cosechatardia\/wp-json\/wp\/v2\/media?parent=1194"}],"wp:term":[{"taxonomy":"product_brand","embeddable":true,"href":"https:\/\/bacaratds.com.ar\/cosechatardia\/wp-json\/wp\/v2\/product_brand?post=1194"},{"taxonomy":"product_cat","embeddable":true,"href":"https:\/\/bacaratds.com.ar\/cosechatardia\/wp-json\/wp\/v2\/product_cat?post=1194"},{"taxonomy":"product_tag","embeddable":true,"href":"https:\/\/bacaratds.com.ar\/cosechatardia\/wp-json\/wp\/v2\/product_tag?post=1194"}],"curies":[{"name":"wp","href":"https:\/\/api.w.org\/{rel}","templated":true}]}}