{"id":1192,"date":"2025-02-19T22:33:38","date_gmt":"2025-02-19T22:33:38","guid":{"rendered":"https:\/\/bacaratds.com.ar\/cosechatardia\/?post_type=product&#038;p=1192"},"modified":"2026-02-12T22:48:49","modified_gmt":"2026-02-12T22:48:49","slug":"malbec-serie-a-familia-zuccardi","status":"publish","type":"product","link":"https:\/\/bacaratds.com.ar\/cosechatardia\/producto\/malbec-serie-a-familia-zuccardi\/","title":{"rendered":"Malbec Serie A Familia Zuccardi"},"content":{"rendered":"<p>ORIGEN: Valle de Uco, Mendoza, Argentina. 940 \u2013 1400 m| 3084 \u2013 4593 ft.<\/p>\n<p>EL LUGAR: Las caracter\u00edsticas del Valle de Uco est\u00e1n influenciadas por su cercan\u00eda a la Cordillera de los Andes. Esta define su altitud, es responsable de su clima fresco durante los meses de maduraci\u00f3n y de su gran amplitud t\u00e9rmica. Los suelos, originados hace millones de a\u00f1os en la cordillera, son muy heterog\u00e9neos y con grandes dep\u00f3sitos de rocas y minerales. De esta combinaci\u00f3n resultan vinos frescos y vibrantes, con gran estructura y profundidad en boca.<\/p>\n<p>VINIFICACI\u00d3N Las uvas fueron despalilladas y estrujadas. Se someti\u00f3 el mosto a una maceraci\u00f3n en fr\u00edo durante 5 a 7 d\u00edas antes de la vinificaci\u00f3n cl\u00e1sica con levaduras nativas. Se ferment\u00f3 entre 25 y 27\u00b0 C. Maceraci\u00f3n durante 20 d\u00edas con remontajes peri\u00f3dico y delestages. Parte del vino fue criado en barricas de roble franc\u00e9s.<\/p>\n<p>NOTAS DE CATA Color p\u00farpura intenso y vivaz. En nariz presenta un perfil frutado, de fruta roja madura como ciruela y cereza y sutiles notas herbales. En boca sus taninos son amables y redondos, la acidez equilibrada y el final frutado. De cuerpo medio, elegante y fresco, con toda la tipicidad del Malbec del Valle de Uco.<\/p>\n<p>COMPOSICI\u00d3N VARIETAL: 100% Malbec<\/p>\n<p>ALCOHOL: 14% vol.<\/p>\n","protected":false},"excerpt":{"rendered":"<p>ORIGEN: Valle de Uco, Mendoza, Argentina. 940 \u2013 1400 m| 3084 \u2013 4593 ft. EL LUGAR: Las caracter\u00edsticas del Valle de Uco est\u00e1n influenciadas por su cercan\u00eda a la Cordillera de los Andes. Esta define su altitud, es responsable de su clima fresco durante los meses de maduraci\u00f3n y de su gran amplitud t\u00e9rmica. Los&hellip;<\/p>\n","protected":false},"featured_media":1193,"comment_status":"open","ping_status":"closed","template":"","meta":[],"product_brand":[107],"product_cat":[65,62],"product_tag":[],"class_list":{"0":"post-1192","1":"product","2":"type-product","3":"status-publish","4":"has-post-thumbnail","6":"product_brand-familia-zuccardi","7":"product_cat-vino-joven-con-paso-x-barricas","8":"product_cat-vino-tinto","9":"product_shipping_class-a-coordinar-con-cliente","11":"first","12":"instock","13":"purchasable","14":"product-type-simple"},"_links":{"self":[{"href":"https:\/\/bacaratds.com.ar\/cosechatardia\/wp-json\/wp\/v2\/product\/1192","targetHints":{"allow":["GET"]}}],"collection":[{"href":"https:\/\/bacaratds.com.ar\/cosechatardia\/wp-json\/wp\/v2\/product"}],"about":[{"href":"https:\/\/bacaratds.com.ar\/cosechatardia\/wp-json\/wp\/v2\/types\/product"}],"replies":[{"embeddable":true,"href":"https:\/\/bacaratds.com.ar\/cosechatardia\/wp-json\/wp\/v2\/comments?post=1192"}],"wp:featuredmedia":[{"embeddable":true,"href":"https:\/\/bacaratds.com.ar\/cosechatardia\/wp-json\/wp\/v2\/media\/1193"}],"wp:attachment":[{"href":"https:\/\/bacaratds.com.ar\/cosechatardia\/wp-json\/wp\/v2\/media?parent=1192"}],"wp:term":[{"taxonomy":"product_brand","embeddable":true,"href":"https:\/\/bacaratds.com.ar\/cosechatardia\/wp-json\/wp\/v2\/product_brand?post=1192"},{"taxonomy":"product_cat","embeddable":true,"href":"https:\/\/bacaratds.com.ar\/cosechatardia\/wp-json\/wp\/v2\/product_cat?post=1192"},{"taxonomy":"product_tag","embeddable":true,"href":"https:\/\/bacaratds.com.ar\/cosechatardia\/wp-json\/wp\/v2\/product_tag?post=1192"}],"curies":[{"name":"wp","href":"https:\/\/api.w.org\/{rel}","templated":true}]}}