{"id":1127,"date":"2025-02-17T22:22:59","date_gmt":"2025-02-17T22:22:59","guid":{"rendered":"https:\/\/bacaratds.com.ar\/cosechatardia\/?post_type=product&#038;p=1127"},"modified":"2026-02-12T22:41:12","modified_gmt":"2026-02-12T22:41:12","slug":"malbec-dulce-martes-13-domingo-molina","status":"publish","type":"product","link":"https:\/\/bacaratds.com.ar\/cosechatardia\/producto\/malbec-dulce-martes-13-domingo-molina\/","title":{"rendered":"Malbec dulce Martes 13 Domingo Molina"},"content":{"rendered":"<p>Zona de Producci\u00f3n: Valle de Cafayate, Salta, Argentina<br \/>\nAltitud: 2.000 msnm<br \/>\nSuelo: Areno Pedregoso<br \/>\nTipo de riego: Goteo<br \/>\nSistema de conducci\u00f3n: Espaldero alto<br \/>\nPoda: Cord\u00f3n bilateral<br \/>\nDensidad de Plantas: 3.700 plantas por ha.<br \/>\nRendimiento: 70 qq\/ha.<br \/>\nMomento de cosecha: Principio de Mayo<\/p>\n<hr \/>\n<p>Cosecha: Manual<br \/>\nMaceraci\u00f3n: 35 d\u00edas<br \/>\nTiempo de fermentaci\u00f3n: 22 d\u00edas<br \/>\nTemperatura de fermentaci\u00f3n: 24 a 26 \u00baC<br \/>\nFermentaci\u00f3n malol\u00e1ctica: Si<br \/>\nProducci\u00f3n anual: 4.000 botellas<br \/>\nComposici\u00f3n varietal: 100% Malbec<\/p>\n","protected":false},"excerpt":{"rendered":"<p>Zona de Producci\u00f3n: Valle de Cafayate, Salta, Argentina Altitud: 2.000 msnm Suelo: Areno Pedregoso Tipo de riego: Goteo Sistema de conducci\u00f3n: Espaldero alto Poda: Cord\u00f3n bilateral Densidad de Plantas: 3.700 plantas por ha. Rendimiento: 70 qq\/ha. Momento de cosecha: Principio de Mayo Cosecha: Manual Maceraci\u00f3n: 35 d\u00edas Tiempo de fermentaci\u00f3n: 22 d\u00edas Temperatura de fermentaci\u00f3n:&hellip;<\/p>\n","protected":false},"featured_media":1128,"comment_status":"open","ping_status":"closed","template":"","meta":[],"product_brand":[117],"product_cat":[62,69],"product_tag":[],"class_list":{"0":"post-1127","1":"product","2":"type-product","3":"status-publish","4":"has-post-thumbnail","6":"product_brand-domingo-molina","7":"product_cat-vino-tinto","8":"product_cat-vino-tinto-dulce-natural","9":"product_shipping_class-a-coordinar-con-cliente","11":"first","12":"instock","13":"purchasable","14":"product-type-simple"},"_links":{"self":[{"href":"https:\/\/bacaratds.com.ar\/cosechatardia\/wp-json\/wp\/v2\/product\/1127","targetHints":{"allow":["GET"]}}],"collection":[{"href":"https:\/\/bacaratds.com.ar\/cosechatardia\/wp-json\/wp\/v2\/product"}],"about":[{"href":"https:\/\/bacaratds.com.ar\/cosechatardia\/wp-json\/wp\/v2\/types\/product"}],"replies":[{"embeddable":true,"href":"https:\/\/bacaratds.com.ar\/cosechatardia\/wp-json\/wp\/v2\/comments?post=1127"}],"wp:featuredmedia":[{"embeddable":true,"href":"https:\/\/bacaratds.com.ar\/cosechatardia\/wp-json\/wp\/v2\/media\/1128"}],"wp:attachment":[{"href":"https:\/\/bacaratds.com.ar\/cosechatardia\/wp-json\/wp\/v2\/media?parent=1127"}],"wp:term":[{"taxonomy":"product_brand","embeddable":true,"href":"https:\/\/bacaratds.com.ar\/cosechatardia\/wp-json\/wp\/v2\/product_brand?post=1127"},{"taxonomy":"product_cat","embeddable":true,"href":"https:\/\/bacaratds.com.ar\/cosechatardia\/wp-json\/wp\/v2\/product_cat?post=1127"},{"taxonomy":"product_tag","embeddable":true,"href":"https:\/\/bacaratds.com.ar\/cosechatardia\/wp-json\/wp\/v2\/product_tag?post=1127"}],"curies":[{"name":"wp","href":"https:\/\/api.w.org\/{rel}","templated":true}]}}