{"id":1102,"date":"2025-02-17T20:07:42","date_gmt":"2025-02-17T20:07:42","guid":{"rendered":"https:\/\/bacaratds.com.ar\/cosechatardia\/?post_type=product&#038;p=1102"},"modified":"2026-02-20T19:22:10","modified_gmt":"2026-02-20T19:22:10","slug":"chenin-dulce-thank-you-bodega-borbore","status":"publish","type":"product","link":"https:\/\/bacaratds.com.ar\/cosechatardia\/producto\/chenin-dulce-thank-you-bodega-borbore\/","title":{"rendered":"Chenin dulce Thank You Bodega B\u00f3rbore"},"content":{"rendered":"<p>Origen: SAN JUAN &#8211; ARGENTINA<br \/>\nVarietal: 100% CHENIN BLANC<\/p>\n<p>Vi\u00f1edos:<br \/>\n8 hect\u00e1reas situadas en San Mart\u00edn,<br \/>\nen el extremo este del Valle de Tulum.<br \/>\nSistema de conducci\u00f3n en parral, riego tradicional.<br \/>\nSuelos franco-arenosos, altura 620 msnm.<br \/>\nElaboraci\u00f3n:<br \/>\nCrianza: En tanques de acero inoxidable a<br \/>\ntemperatura controlada. Fermentaci\u00f3n malo<br \/>\nl\u00e1ctica natural durante 60 d\u00edas.<br \/>\nNotas de Cata: De color p\u00e1lido, con<br \/>\ntonalidades doradas. Con aromas a membrillo<br \/>\ny manzana. En boca logra un excelente equilibrio<br \/>\nentre sus acidez, la frescura frutal y az\u00facar.<br \/>\nM aridaje: Ideal para acompa\u00f1ar los m\u00e1s variados platos,<br \/>\nligeramente condimentados. Tambi\u00e9n como aperitivo antes o despu\u00e9s de la comida.<br \/>\nSe recomienda servir entre 16 y 18\u00b0 C.<\/p>\n","protected":false},"excerpt":{"rendered":"<p>Origen: SAN JUAN &#8211; ARGENTINA Varietal: 100% CHENIN BLANC Vi\u00f1edos: 8 hect\u00e1reas situadas en San Mart\u00edn, en el extremo este del Valle de Tulum. Sistema de conducci\u00f3n en parral, riego tradicional. Suelos franco-arenosos, altura 620 msnm. Elaboraci\u00f3n: Crianza: En tanques de acero inoxidable a temperatura controlada. Fermentaci\u00f3n malo l\u00e1ctica natural durante 60 d\u00edas. Notas de&hellip;<\/p>\n","protected":false},"featured_media":1103,"comment_status":"open","ping_status":"closed","template":"","meta":[],"product_brand":[135,142],"product_cat":[61,74],"product_tag":[],"class_list":{"0":"post-1102","1":"product","2":"type-product","3":"status-publish","4":"has-post-thumbnail","6":"product_brand-bodega-borbore","7":"product_brand-thank-you","8":"product_cat-vino-blanco","9":"product_cat-vino-blanco-dulce-natural","10":"product_shipping_class-a-coordinar-con-cliente","12":"first","13":"instock","14":"purchasable","15":"product-type-simple"},"_links":{"self":[{"href":"https:\/\/bacaratds.com.ar\/cosechatardia\/wp-json\/wp\/v2\/product\/1102","targetHints":{"allow":["GET"]}}],"collection":[{"href":"https:\/\/bacaratds.com.ar\/cosechatardia\/wp-json\/wp\/v2\/product"}],"about":[{"href":"https:\/\/bacaratds.com.ar\/cosechatardia\/wp-json\/wp\/v2\/types\/product"}],"replies":[{"embeddable":true,"href":"https:\/\/bacaratds.com.ar\/cosechatardia\/wp-json\/wp\/v2\/comments?post=1102"}],"wp:featuredmedia":[{"embeddable":true,"href":"https:\/\/bacaratds.com.ar\/cosechatardia\/wp-json\/wp\/v2\/media\/1103"}],"wp:attachment":[{"href":"https:\/\/bacaratds.com.ar\/cosechatardia\/wp-json\/wp\/v2\/media?parent=1102"}],"wp:term":[{"taxonomy":"product_brand","embeddable":true,"href":"https:\/\/bacaratds.com.ar\/cosechatardia\/wp-json\/wp\/v2\/product_brand?post=1102"},{"taxonomy":"product_cat","embeddable":true,"href":"https:\/\/bacaratds.com.ar\/cosechatardia\/wp-json\/wp\/v2\/product_cat?post=1102"},{"taxonomy":"product_tag","embeddable":true,"href":"https:\/\/bacaratds.com.ar\/cosechatardia\/wp-json\/wp\/v2\/product_tag?post=1102"}],"curies":[{"name":"wp","href":"https:\/\/api.w.org\/{rel}","templated":true}]}}