{"id":1100,"date":"2025-02-17T19:59:02","date_gmt":"2025-02-17T19:59:02","guid":{"rendered":"https:\/\/bacaratds.com.ar\/cosechatardia\/?post_type=product&#038;p=1100"},"modified":"2026-04-25T15:35:11","modified_gmt":"2026-04-25T15:35:11","slug":"malbec-thank-you-bodega-borbore","status":"publish","type":"product","link":"https:\/\/bacaratds.com.ar\/cosechatardia\/producto\/malbec-thank-you-bodega-borbore\/","title":{"rendered":"Malbec Thank You Bodega B\u00f3rbore"},"content":{"rendered":"<p>Origen: SAN JUAN &#8211; ARGENTINA<br \/>\nVarietal: 100% MALBEC<br \/>\nVi\u00f1edos:12 hect\u00e1reas situadas en San Mart\u00edn<br \/>\nen el extremo este del Valle de Tulum.<br \/>\nSistema de conducci\u00f3n en parral, riego tradicional.<br \/>\nSuelos franco-arenosos, altura 620 msnm.<br \/>\nCrianza: En tanques de acero inoxidable a<br \/>\ntemperatura controlada. Fermentaci\u00f3n malo<br \/>\nl\u00e1ctica natural en contacto con roble americano<br \/>\ndurante 60 d\u00edas. Estacionado en botella<br \/>\ndurante 3 meses a temperatura y<br \/>\nhumedad controladas, en cavas subterr\u00e1neas.<br \/>\nNotas de Cata: De color intenso, con<br \/>\ntonalidades violetas. Con aromas a vainilla<br \/>\ny chocolate. En boca logra un excelente equilibrio<br \/>\nentre sus suaves taninos, la frescura frutal y la madera.<br \/>\nM aridaje: Ideal para acompa\u00f1ar los m\u00e1s variados platos,<br \/>\nmoderadamente condimentados. Se recomienda servir<br \/>\nentre 16 y 18\u00b0 C.<\/p>\n","protected":false},"excerpt":{"rendered":"<p>Origen: SAN JUAN &#8211; ARGENTINA Varietal: 100% MALBEC Vi\u00f1edos:12 hect\u00e1reas situadas en San Mart\u00edn en el extremo este del Valle de Tulum. Sistema de conducci\u00f3n en parral, riego tradicional. Suelos franco-arenosos, altura 620 msnm. Crianza: En tanques de acero inoxidable a temperatura controlada. Fermentaci\u00f3n malo l\u00e1ctica natural en contacto con roble americano durante 60 d\u00edas.&hellip;<\/p>\n","protected":false},"featured_media":1101,"comment_status":"open","ping_status":"closed","template":"","meta":[],"product_brand":[135,142],"product_cat":[63,62],"product_tag":[],"class_list":{"0":"post-1100","1":"product","2":"type-product","3":"status-publish","4":"has-post-thumbnail","6":"product_brand-bodega-borbore","7":"product_brand-thank-you","8":"product_cat-vino-joven","9":"product_cat-vino-tinto","10":"product_shipping_class-a-coordinar-con-cliente","12":"first","13":"instock","14":"purchasable","15":"product-type-simple"},"_links":{"self":[{"href":"https:\/\/bacaratds.com.ar\/cosechatardia\/wp-json\/wp\/v2\/product\/1100","targetHints":{"allow":["GET"]}}],"collection":[{"href":"https:\/\/bacaratds.com.ar\/cosechatardia\/wp-json\/wp\/v2\/product"}],"about":[{"href":"https:\/\/bacaratds.com.ar\/cosechatardia\/wp-json\/wp\/v2\/types\/product"}],"replies":[{"embeddable":true,"href":"https:\/\/bacaratds.com.ar\/cosechatardia\/wp-json\/wp\/v2\/comments?post=1100"}],"wp:featuredmedia":[{"embeddable":true,"href":"https:\/\/bacaratds.com.ar\/cosechatardia\/wp-json\/wp\/v2\/media\/1101"}],"wp:attachment":[{"href":"https:\/\/bacaratds.com.ar\/cosechatardia\/wp-json\/wp\/v2\/media?parent=1100"}],"wp:term":[{"taxonomy":"product_brand","embeddable":true,"href":"https:\/\/bacaratds.com.ar\/cosechatardia\/wp-json\/wp\/v2\/product_brand?post=1100"},{"taxonomy":"product_cat","embeddable":true,"href":"https:\/\/bacaratds.com.ar\/cosechatardia\/wp-json\/wp\/v2\/product_cat?post=1100"},{"taxonomy":"product_tag","embeddable":true,"href":"https:\/\/bacaratds.com.ar\/cosechatardia\/wp-json\/wp\/v2\/product_tag?post=1100"}],"curies":[{"name":"wp","href":"https:\/\/api.w.org\/{rel}","templated":true}]}}