{"id":1079,"date":"2025-02-17T18:00:53","date_gmt":"2025-02-17T18:00:53","guid":{"rendered":"https:\/\/bacaratds.com.ar\/cosechatardia\/?post_type=product&#038;p=1079"},"modified":"2026-02-20T19:23:51","modified_gmt":"2026-02-20T19:23:51","slug":"malbec-martin-fierro-bodega-borbore","status":"publish","type":"product","link":"https:\/\/bacaratds.com.ar\/cosechatardia\/producto\/malbec-martin-fierro-bodega-borbore\/","title":{"rendered":"Malbec Mart\u00edn Fierro Bodega B\u00f3rbore"},"content":{"rendered":"<p>Origen: SAN JUAN &#8211; ARGENTINA<br \/>\nVarietal: 100% MALBEC<br \/>\nVi\u00f1edos: 12 has. de espaldero alto ubicadas en<br \/>\n\u201cFinca Angaco\u201d, en los alrededores de la<br \/>\nBodega, 27 has. de espaldero alto ubicados en<br \/>\n\u201cFinca Ca\u00f1ada Honda\u201d, Guanacache y uvas<br \/>\nprovenientes del Valle de Zonda.<br \/>\nCrianza: La fermentaci\u00f3n malol\u00e1ctica y un<br \/>\npaso suave por roble franc\u00e9s de tostado<br \/>\nmedio, otorgan complejidad y suave armon\u00eda<br \/>\nal conjunto. Despu\u00e9s de estabilizar el vino por<br \/>\nfr\u00edo, este es embotellado y luego estacionado<br \/>\nen cavas subterr\u00e1neas por un per\u00edodo m\u00ednimo<br \/>\nde cuatro meses.<br \/>\nNotas de Cata: De acentuado color rojo rub\u00ed,<br \/>\ncon aromas a frutos rojos y negros desarrollados<br \/>\ndurante su evoluci\u00f3n en botella. Con<br \/>\nbuen equilibrio, deja sabores dulces y<br \/>\nt\u00e1nicos en el paladar.<br \/>\nMaridaje: Excelente para acompa\u00f1ar con<br \/>\ncarnes rojas (el tradicional asado argentino),<br \/>\nempanadas de carne, pastas con salsa de<br \/>\ntomate, cordero, cerdo asado y quesos<br \/>\nsuaves.<\/p>\n","protected":false},"excerpt":{"rendered":"<p>Origen: SAN JUAN &#8211; ARGENTINA Varietal: 100% MALBEC Vi\u00f1edos: 12 has. de espaldero alto ubicadas en \u201cFinca Angaco\u201d, en los alrededores de la Bodega, 27 has. de espaldero alto ubicados en \u201cFinca Ca\u00f1ada Honda\u201d, Guanacache y uvas provenientes del Valle de Zonda. Crianza: La fermentaci\u00f3n malol\u00e1ctica y un paso suave por roble franc\u00e9s de tostado&hellip;<\/p>\n","protected":false},"featured_media":1080,"comment_status":"open","ping_status":"closed","template":"","meta":[],"product_brand":[135,140],"product_cat":[65,62],"product_tag":[],"class_list":{"0":"post-1079","1":"product","2":"type-product","3":"status-publish","4":"has-post-thumbnail","6":"product_brand-bodega-borbore","7":"product_brand-martin-fierro","8":"product_cat-vino-joven-con-paso-x-barricas","9":"product_cat-vino-tinto","10":"product_shipping_class-a-coordinar-con-cliente","12":"first","13":"instock","14":"purchasable","15":"product-type-simple"},"_links":{"self":[{"href":"https:\/\/bacaratds.com.ar\/cosechatardia\/wp-json\/wp\/v2\/product\/1079","targetHints":{"allow":["GET"]}}],"collection":[{"href":"https:\/\/bacaratds.com.ar\/cosechatardia\/wp-json\/wp\/v2\/product"}],"about":[{"href":"https:\/\/bacaratds.com.ar\/cosechatardia\/wp-json\/wp\/v2\/types\/product"}],"replies":[{"embeddable":true,"href":"https:\/\/bacaratds.com.ar\/cosechatardia\/wp-json\/wp\/v2\/comments?post=1079"}],"wp:featuredmedia":[{"embeddable":true,"href":"https:\/\/bacaratds.com.ar\/cosechatardia\/wp-json\/wp\/v2\/media\/1080"}],"wp:attachment":[{"href":"https:\/\/bacaratds.com.ar\/cosechatardia\/wp-json\/wp\/v2\/media?parent=1079"}],"wp:term":[{"taxonomy":"product_brand","embeddable":true,"href":"https:\/\/bacaratds.com.ar\/cosechatardia\/wp-json\/wp\/v2\/product_brand?post=1079"},{"taxonomy":"product_cat","embeddable":true,"href":"https:\/\/bacaratds.com.ar\/cosechatardia\/wp-json\/wp\/v2\/product_cat?post=1079"},{"taxonomy":"product_tag","embeddable":true,"href":"https:\/\/bacaratds.com.ar\/cosechatardia\/wp-json\/wp\/v2\/product_tag?post=1079"}],"curies":[{"name":"wp","href":"https:\/\/api.w.org\/{rel}","templated":true}]}}