{"id":1077,"date":"2025-02-17T17:54:31","date_gmt":"2025-02-17T17:54:31","guid":{"rendered":"https:\/\/bacaratds.com.ar\/cosechatardia\/?post_type=product&#038;p=1077"},"modified":"2025-09-06T22:50:10","modified_gmt":"2025-09-06T22:50:10","slug":"syrah-cabernet-sauvignon-martin-fierro-bodega-borbore","status":"publish","type":"product","link":"https:\/\/bacaratds.com.ar\/cosechatardia\/producto\/syrah-cabernet-sauvignon-martin-fierro-bodega-borbore\/","title":{"rendered":"Syrah cabernet sauvignon Mart\u00edn Fierro Bodega B\u00f3rbore"},"content":{"rendered":"<p>Origen: SAN JUAN &#8211; ARGENTINA<br \/>\nVarietal: BLEND 60% SYRAH | 40% CABERNET<br \/>\nBlend de dos variedades que se complementan<br \/>\nexcepcionalmente y nos dan la oportunidad de<br \/>\ndisfrutar a diario de estos vinos j\u00f3venes, de sabores<br \/>\nf\u00e1ciles y amables.<br \/>\nVi\u00f1edos: Uvas provenientes del Valle de Tulum en la<br \/>\nprovincia de San Juan. Sistema de conducci\u00f3n<br \/>\nespaldero, riego por goteo, suelos francos, altura 680<br \/>\nm.s.n.m.<br \/>\nElaboraci\u00f3n: Obtenido de un corte de uvas 60%<br \/>\nSyrah y 40% Cabernet Sauvignon. Dos variedades de<br \/>\nexcelente adaptaci\u00f3n al suelo de San Juan. Cosecha<br \/>\nmanual, maceraci\u00f3n pre fermentativa en fr\u00edo durante<br \/>\n2 d\u00edas, posterior fermentaci\u00f3n tradicional a<br \/>\ntemperatura controlada de 26\u00baC durante 6 d\u00edas.<br \/>\nAdici\u00f3n de levaduras seleccionadas, control de<br \/>\nacidez y ph.<\/p>\n","protected":false},"excerpt":{"rendered":"<p>Origen: SAN JUAN &#8211; ARGENTINA Varietal: BLEND 60% SYRAH | 40% CABERNET Blend de dos variedades que se complementan excepcionalmente y nos dan la oportunidad de disfrutar a diario de estos vinos j\u00f3venes, de sabores f\u00e1ciles y amables. Vi\u00f1edos: Uvas provenientes del Valle de Tulum en la provincia de San Juan. Sistema de conducci\u00f3n espaldero,&hellip;<\/p>\n","protected":false},"featured_media":1078,"comment_status":"open","ping_status":"closed","template":"","meta":[],"product_brand":[135,140],"product_cat":[63,62],"product_tag":[],"class_list":{"0":"post-1077","1":"product","2":"type-product","3":"status-publish","4":"has-post-thumbnail","6":"product_brand-bodega-borbore","7":"product_brand-martin-fierro","8":"product_cat-vino-joven","9":"product_cat-vino-tinto","10":"product_shipping_class-a-coordinar-con-cliente","12":"first","13":"instock","14":"purchasable","15":"product-type-simple"},"_links":{"self":[{"href":"https:\/\/bacaratds.com.ar\/cosechatardia\/wp-json\/wp\/v2\/product\/1077","targetHints":{"allow":["GET"]}}],"collection":[{"href":"https:\/\/bacaratds.com.ar\/cosechatardia\/wp-json\/wp\/v2\/product"}],"about":[{"href":"https:\/\/bacaratds.com.ar\/cosechatardia\/wp-json\/wp\/v2\/types\/product"}],"replies":[{"embeddable":true,"href":"https:\/\/bacaratds.com.ar\/cosechatardia\/wp-json\/wp\/v2\/comments?post=1077"}],"wp:featuredmedia":[{"embeddable":true,"href":"https:\/\/bacaratds.com.ar\/cosechatardia\/wp-json\/wp\/v2\/media\/1078"}],"wp:attachment":[{"href":"https:\/\/bacaratds.com.ar\/cosechatardia\/wp-json\/wp\/v2\/media?parent=1077"}],"wp:term":[{"taxonomy":"product_brand","embeddable":true,"href":"https:\/\/bacaratds.com.ar\/cosechatardia\/wp-json\/wp\/v2\/product_brand?post=1077"},{"taxonomy":"product_cat","embeddable":true,"href":"https:\/\/bacaratds.com.ar\/cosechatardia\/wp-json\/wp\/v2\/product_cat?post=1077"},{"taxonomy":"product_tag","embeddable":true,"href":"https:\/\/bacaratds.com.ar\/cosechatardia\/wp-json\/wp\/v2\/product_tag?post=1077"}],"curies":[{"name":"wp","href":"https:\/\/api.w.org\/{rel}","templated":true}]}}