{"id":1014,"date":"2025-02-14T20:42:57","date_gmt":"2025-02-14T20:42:57","guid":{"rendered":"https:\/\/bacaratds.com.ar\/cosechatardia\/?post_type=product&#038;p=1014"},"modified":"2025-09-06T22:55:25","modified_gmt":"2025-09-06T22:55:25","slug":"petit-verdot-reserva-proemio","status":"publish","type":"product","link":"https:\/\/bacaratds.com.ar\/cosechatardia\/producto\/petit-verdot-reserva-proemio\/","title":{"rendered":"Petit Verdot reserva Proemio"},"content":{"rendered":"<p>Excelente ejemplar que muestra toda la tipicidad de su terru\u00f1o, Maip\u00fa Mendoza. Presenta un atractivo color rojo rub\u00ed intenso. De nariz compleja, combina mermelada de frutas negras, con notas sutilmente especiadas y vainilla. Vino amplio de buena estructura en boca; con taninos sedosos y una acidez equilibrada. Vino cautivante con un largo final.<\/p>\n<p><strong><img decoding=\"async\" class=\"alignnone size-full wp-image-1073\" src=\"http:\/\/proemiowines.com\/wp-content\/uploads\/2021\/11\/varietal.png\" alt=\"\" width=\"20\" height=\"20\" \/>\u00a0Varietal:<\/strong>\u00a0100% Petit Verdot.<br \/>\n<strong><img decoding=\"async\" class=\"alignnone size-full wp-image-1070\" src=\"http:\/\/proemiowines.com\/wp-content\/uploads\/2021\/11\/edad.png\" alt=\"\" width=\"20\" height=\"20\" \/>\u00a0Edad de los Vi\u00f1edos:<\/strong>\u00a010 a\u00f1os.<br \/>\n<strong><img decoding=\"async\" class=\"alignnone size-full wp-image-1069\" src=\"http:\/\/proemiowines.com\/wp-content\/uploads\/2021\/11\/crianza.png\" alt=\"\" width=\"20\" height=\"20\" \/>\u00a0Crianza:<\/strong>\u00a012 meses en barricas de roble franc\u00e9s.<br \/>\n<strong><img loading=\"lazy\" decoding=\"async\" class=\"alignnone size-full wp-image-1071\" src=\"http:\/\/proemiowines.com\/wp-content\/uploads\/2021\/11\/guarda.png\" alt=\"\" width=\"20\" height=\"20\" \/>\u00a0Guarda:<\/strong>\u00a05 a 6 a\u00f1os.<br \/>\n<strong><img loading=\"lazy\" decoding=\"async\" class=\"alignnone size-full wp-image-1075\" src=\"http:\/\/proemiowines.com\/wp-content\/uploads\/2021\/11\/winemaket.png\" alt=\"\" width=\"20\" height=\"20\" \/>\u00a0Winemaker:<\/strong>\u00a0Marcelo Bocardo.<\/p>\n<p><strong><img loading=\"lazy\" decoding=\"async\" class=\"alignnone size-full wp-image-1074\" src=\"http:\/\/proemiowines.com\/wp-content\/uploads\/2021\/11\/vinedos.png\" alt=\"\" width=\"20\" height=\"20\" \/>\u00a0Vi\u00f1edos:\u00a0<\/strong>Russell (Maip\u00fa) \u2013 800msnm \u2013 10 a\u00f1os \u2013 Vi\u00f1edo org\u00e1nicamente sostenible.<\/p>\n","protected":false},"excerpt":{"rendered":"<p>Excelente ejemplar que muestra toda la tipicidad de su terru\u00f1o, Maip\u00fa Mendoza. Presenta un atractivo color rojo rub\u00ed intenso. De nariz compleja, combina mermelada de frutas negras, con notas sutilmente especiadas y vainilla. Vino amplio de buena estructura en boca; con taninos sedosos y una acidez equilibrada. Vino cautivante con un largo final. \u00a0Varietal:\u00a0100% Petit&hellip;<\/p>\n","protected":false},"featured_media":1015,"comment_status":"open","ping_status":"closed","template":"","meta":[],"product_brand":[147],"product_cat":[57,62,92],"product_tag":[],"class_list":{"0":"post-1014","1":"product","2":"type-product","3":"status-publish","4":"has-post-thumbnail","6":"product_brand-proemio-wines","7":"product_cat-vino-reserva","8":"product_cat-vino-tinto","9":"product_cat-vinos-organicos","10":"product_shipping_class-a-coordinar-con-cliente","12":"first","13":"instock","14":"purchasable","15":"product-type-simple"},"_links":{"self":[{"href":"https:\/\/bacaratds.com.ar\/cosechatardia\/wp-json\/wp\/v2\/product\/1014","targetHints":{"allow":["GET"]}}],"collection":[{"href":"https:\/\/bacaratds.com.ar\/cosechatardia\/wp-json\/wp\/v2\/product"}],"about":[{"href":"https:\/\/bacaratds.com.ar\/cosechatardia\/wp-json\/wp\/v2\/types\/product"}],"replies":[{"embeddable":true,"href":"https:\/\/bacaratds.com.ar\/cosechatardia\/wp-json\/wp\/v2\/comments?post=1014"}],"wp:featuredmedia":[{"embeddable":true,"href":"https:\/\/bacaratds.com.ar\/cosechatardia\/wp-json\/wp\/v2\/media\/1015"}],"wp:attachment":[{"href":"https:\/\/bacaratds.com.ar\/cosechatardia\/wp-json\/wp\/v2\/media?parent=1014"}],"wp:term":[{"taxonomy":"product_brand","embeddable":true,"href":"https:\/\/bacaratds.com.ar\/cosechatardia\/wp-json\/wp\/v2\/product_brand?post=1014"},{"taxonomy":"product_cat","embeddable":true,"href":"https:\/\/bacaratds.com.ar\/cosechatardia\/wp-json\/wp\/v2\/product_cat?post=1014"},{"taxonomy":"product_tag","embeddable":true,"href":"https:\/\/bacaratds.com.ar\/cosechatardia\/wp-json\/wp\/v2\/product_tag?post=1014"}],"curies":[{"name":"wp","href":"https:\/\/api.w.org\/{rel}","templated":true}]}}