{"id":1006,"date":"2025-02-14T20:24:56","date_gmt":"2025-02-14T20:24:56","guid":{"rendered":"https:\/\/bacaratds.com.ar\/cosechatardia\/?post_type=product&#038;p=1006"},"modified":"2025-09-06T22:56:42","modified_gmt":"2025-09-06T22:56:42","slug":"terroir-red-blend-proemio-malbec-cab-sauv-petit-verdot","status":"publish","type":"product","link":"https:\/\/bacaratds.com.ar\/cosechatardia\/producto\/terroir-red-blend-proemio-malbec-cab-sauv-petit-verdot\/","title":{"rendered":"Terroir Red Blend Proemio (malbec\/cab. sauv.\/petit verdot)"},"content":{"rendered":"<p>Este excepcional blend es el resultado de la madurez y el color rojo del Malbec, la complejidad arom\u00e1tica del Cabernet Sauvignon y la personalidad del Petit Verdot. Su crianza en barricas de roble franc\u00e9s mejora y balancea a este blend, haci\u00e9ndolo un gran vino<\/p>\n<p><strong><img decoding=\"async\" class=\"alignnone size-full wp-image-1073\" src=\"http:\/\/proemiowines.com\/wp-content\/uploads\/2021\/11\/varietal.png\" alt=\"\" width=\"20\" height=\"20\" \/>\u00a0Varietal:<\/strong>\u00a050% Malbec, 25% Cabernet Sauvignon, 25% Petit Verdot<br \/>\n<strong><img decoding=\"async\" class=\"alignnone size-full wp-image-1070\" src=\"http:\/\/proemiowines.com\/wp-content\/uploads\/2021\/11\/edad.png\" alt=\"\" width=\"20\" height=\"20\" \/>\u00a0Edad de los Vi\u00f1edos:<\/strong>\u00a010 a\u00f1os.<br \/>\n<strong><img decoding=\"async\" class=\"alignnone size-full wp-image-1069\" src=\"http:\/\/proemiowines.com\/wp-content\/uploads\/2021\/11\/crianza.png\" alt=\"\" width=\"20\" height=\"20\" \/>\u00a0Crianza:<\/strong>\u00a08 meses en barrica de roble franc\u00e9s.<br \/>\n<strong><img loading=\"lazy\" decoding=\"async\" class=\"alignnone size-full wp-image-1071\" src=\"http:\/\/proemiowines.com\/wp-content\/uploads\/2021\/11\/guarda.png\" alt=\"\" width=\"20\" height=\"20\" \/>\u00a0Guarda:<\/strong>\u00a03-4 a\u00f1os.<br \/>\n<strong><img loading=\"lazy\" decoding=\"async\" class=\"alignnone size-full wp-image-1072\" src=\"http:\/\/proemiowines.com\/wp-content\/uploads\/2021\/11\/serivicio.png\" alt=\"\" width=\"20\" height=\"20\" \/>\u00a0Servicio:<\/strong>\u00a016-19 \u00baC.<br \/>\n<strong><img loading=\"lazy\" decoding=\"async\" class=\"alignnone size-full wp-image-1075\" src=\"http:\/\/proemiowines.com\/wp-content\/uploads\/2021\/11\/winemaket.png\" alt=\"\" width=\"20\" height=\"20\" \/>\u00a0Winemaket:<\/strong>\u00a0Marcelo Bocardo.<\/p>\n<p><strong>Vi\u00f1edos:<\/strong>\u00a0Maip\u00fa, Russell (800msnm) \u2013 11a\u00f1os \u2013 Vi\u00f1edo org\u00e1nicamente sostenible<\/p>\n<p><strong>PROCESO DE VINIFICACI\u00d3N:\u00a0<\/strong>Cosecha manual. Selecci\u00f3n de racimos y granos. Fermentaci\u00f3n y maceraci\u00f3n en peque\u00f1as vasijas de concreto con levaduras nativas. Fermentaci\u00f3n natural. Decantaci\u00f3n natural y embotellado sin filtrar.<\/p>\n","protected":false},"excerpt":{"rendered":"<p>Este excepcional blend es el resultado de la madurez y el color rojo del Malbec, la complejidad arom\u00e1tica del Cabernet Sauvignon y la personalidad del Petit Verdot. Su crianza en barricas de roble franc\u00e9s mejora y balancea a este blend, haci\u00e9ndolo un gran vino \u00a0Varietal:\u00a050% Malbec, 25% Cabernet Sauvignon, 25% Petit Verdot \u00a0Edad de los&hellip;<\/p>\n","protected":false},"featured_media":1007,"comment_status":"open","ping_status":"closed","template":"","meta":[],"product_brand":[147],"product_cat":[65,62,92],"product_tag":[],"class_list":{"0":"post-1006","1":"product","2":"type-product","3":"status-publish","4":"has-post-thumbnail","6":"product_brand-proemio-wines","7":"product_cat-vino-joven-con-paso-x-barricas","8":"product_cat-vino-tinto","9":"product_cat-vinos-organicos","10":"product_shipping_class-a-coordinar-con-cliente","12":"first","13":"instock","14":"purchasable","15":"product-type-simple"},"_links":{"self":[{"href":"https:\/\/bacaratds.com.ar\/cosechatardia\/wp-json\/wp\/v2\/product\/1006","targetHints":{"allow":["GET"]}}],"collection":[{"href":"https:\/\/bacaratds.com.ar\/cosechatardia\/wp-json\/wp\/v2\/product"}],"about":[{"href":"https:\/\/bacaratds.com.ar\/cosechatardia\/wp-json\/wp\/v2\/types\/product"}],"replies":[{"embeddable":true,"href":"https:\/\/bacaratds.com.ar\/cosechatardia\/wp-json\/wp\/v2\/comments?post=1006"}],"wp:featuredmedia":[{"embeddable":true,"href":"https:\/\/bacaratds.com.ar\/cosechatardia\/wp-json\/wp\/v2\/media\/1007"}],"wp:attachment":[{"href":"https:\/\/bacaratds.com.ar\/cosechatardia\/wp-json\/wp\/v2\/media?parent=1006"}],"wp:term":[{"taxonomy":"product_brand","embeddable":true,"href":"https:\/\/bacaratds.com.ar\/cosechatardia\/wp-json\/wp\/v2\/product_brand?post=1006"},{"taxonomy":"product_cat","embeddable":true,"href":"https:\/\/bacaratds.com.ar\/cosechatardia\/wp-json\/wp\/v2\/product_cat?post=1006"},{"taxonomy":"product_tag","embeddable":true,"href":"https:\/\/bacaratds.com.ar\/cosechatardia\/wp-json\/wp\/v2\/product_tag?post=1006"}],"curies":[{"name":"wp","href":"https:\/\/api.w.org\/{rel}","templated":true}]}}