{"id":1002,"date":"2025-02-14T20:16:24","date_gmt":"2025-02-14T20:16:24","guid":{"rendered":"https:\/\/bacaratds.com.ar\/cosechatardia\/?post_type=product&#038;p=1002"},"modified":"2026-02-20T19:29:08","modified_gmt":"2026-02-20T19:29:08","slug":"malbec-linea-origenes-proemio","status":"publish","type":"product","link":"https:\/\/bacaratds.com.ar\/cosechatardia\/producto\/malbec-linea-origenes-proemio\/","title":{"rendered":"Malbec l\u00ednea Or\u00edgenes Proemio"},"content":{"rendered":"<p>De intenso color rojo vivo, con elegantes notas viol\u00e1ceas, destacan sus aromas a frutas rojas, cerezas y ciruela. De cuerpo medio y textura aterciopelada, con un largo y persistente final en boca, que revela todo su potencial varietal.<\/p>\n<p><strong><img decoding=\"async\" class=\"alignnone size-full wp-image-1073\" src=\"http:\/\/proemiowines.com\/wp-content\/uploads\/2021\/11\/varietal.png\" alt=\"\" width=\"20\" height=\"20\" \/>\u00a0Varietal:\u00a0<\/strong>100% Malbec.<br \/>\n<strong><img decoding=\"async\" class=\"alignnone size-full wp-image-1070\" src=\"http:\/\/proemiowines.com\/wp-content\/uploads\/2021\/11\/edad.png\" alt=\"\" width=\"20\" height=\"20\" \/>\u00a0Edad de los Vi\u00f1edos:<\/strong>\u00a010 a\u00f1os.<br \/>\n<strong><img decoding=\"async\" class=\"alignnone size-full wp-image-1069\" src=\"http:\/\/proemiowines.com\/wp-content\/uploads\/2021\/11\/crianza.png\" alt=\"\" width=\"20\" height=\"20\" \/>\u00a0Crianza:<\/strong>\u00a06 meses en botella.<br \/>\n<strong><img loading=\"lazy\" decoding=\"async\" class=\"alignnone size-full wp-image-1071\" src=\"http:\/\/proemiowines.com\/wp-content\/uploads\/2021\/11\/guarda.png\" alt=\"\" width=\"20\" height=\"20\" \/>\u00a0Guarda:<\/strong>\u00a03 a\u00f1os.<br \/>\n<strong><img loading=\"lazy\" decoding=\"async\" class=\"alignnone size-full wp-image-1072\" src=\"http:\/\/proemiowines.com\/wp-content\/uploads\/2021\/11\/serivicio.png\" alt=\"\" width=\"20\" height=\"20\" \/>\u00a0Servicio:<\/strong>\u00a016-19 \u00baC.<br \/>\n<strong><img loading=\"lazy\" decoding=\"async\" class=\"alignnone size-full wp-image-1075\" src=\"http:\/\/proemiowines.com\/wp-content\/uploads\/2021\/11\/winemaket.png\" alt=\"\" width=\"20\" height=\"20\" \/>\u00a0Winemaker:<\/strong>\u00a0Marcelo Bocardo.<\/p>\n<p><strong><img loading=\"lazy\" decoding=\"async\" class=\"alignnone size-full wp-image-1074\" src=\"http:\/\/proemiowines.com\/wp-content\/uploads\/2021\/11\/vinedos.png\" alt=\"\" width=\"20\" height=\"20\" \/>\u00a0Vi\u00f1edos:\u00a0<\/strong>Russell (Maip\u00fa) \u2013 800msnm \u2013 10 a\u00f1os \u2013 Vi\u00f1edo org\u00e1nicamente sostenible.<\/p>\n","protected":false},"excerpt":{"rendered":"<p>De intenso color rojo vivo, con elegantes notas viol\u00e1ceas, destacan sus aromas a frutas rojas, cerezas y ciruela. De cuerpo medio y textura aterciopelada, con un largo y persistente final en boca, que revela todo su potencial varietal. \u00a0Varietal:\u00a0100% Malbec. \u00a0Edad de los Vi\u00f1edos:\u00a010 a\u00f1os. \u00a0Crianza:\u00a06 meses en botella. \u00a0Guarda:\u00a03 a\u00f1os. \u00a0Servicio:\u00a016-19 \u00baC. \u00a0Winemaker:\u00a0Marcelo Bocardo.&hellip;<\/p>\n","protected":false},"featured_media":1003,"comment_status":"open","ping_status":"closed","template":"","meta":[],"product_brand":[147],"product_cat":[63,62,92],"product_tag":[],"class_list":{"0":"post-1002","1":"product","2":"type-product","3":"status-publish","4":"has-post-thumbnail","6":"product_brand-proemio-wines","7":"product_cat-vino-joven","8":"product_cat-vino-tinto","9":"product_cat-vinos-organicos","10":"product_shipping_class-a-coordinar-con-cliente","12":"first","13":"outofstock","14":"purchasable","15":"product-type-simple"},"_links":{"self":[{"href":"https:\/\/bacaratds.com.ar\/cosechatardia\/wp-json\/wp\/v2\/product\/1002","targetHints":{"allow":["GET"]}}],"collection":[{"href":"https:\/\/bacaratds.com.ar\/cosechatardia\/wp-json\/wp\/v2\/product"}],"about":[{"href":"https:\/\/bacaratds.com.ar\/cosechatardia\/wp-json\/wp\/v2\/types\/product"}],"replies":[{"embeddable":true,"href":"https:\/\/bacaratds.com.ar\/cosechatardia\/wp-json\/wp\/v2\/comments?post=1002"}],"wp:featuredmedia":[{"embeddable":true,"href":"https:\/\/bacaratds.com.ar\/cosechatardia\/wp-json\/wp\/v2\/media\/1003"}],"wp:attachment":[{"href":"https:\/\/bacaratds.com.ar\/cosechatardia\/wp-json\/wp\/v2\/media?parent=1002"}],"wp:term":[{"taxonomy":"product_brand","embeddable":true,"href":"https:\/\/bacaratds.com.ar\/cosechatardia\/wp-json\/wp\/v2\/product_brand?post=1002"},{"taxonomy":"product_cat","embeddable":true,"href":"https:\/\/bacaratds.com.ar\/cosechatardia\/wp-json\/wp\/v2\/product_cat?post=1002"},{"taxonomy":"product_tag","embeddable":true,"href":"https:\/\/bacaratds.com.ar\/cosechatardia\/wp-json\/wp\/v2\/product_tag?post=1002"}],"curies":[{"name":"wp","href":"https:\/\/api.w.org\/{rel}","templated":true}]}}