{"id":1000,"date":"2025-02-14T20:03:36","date_gmt":"2025-02-14T20:03:36","guid":{"rendered":"https:\/\/bacaratds.com.ar\/cosechatardia\/?post_type=product&#038;p=1000"},"modified":"2026-02-20T19:29:41","modified_gmt":"2026-02-20T19:29:41","slug":"rosado-de-malbec-linea-origenes-proemio","status":"publish","type":"product","link":"https:\/\/bacaratds.com.ar\/cosechatardia\/producto\/rosado-de-malbec-linea-origenes-proemio\/","title":{"rendered":"Rosado de malbec l\u00ednea Or\u00edgenes Proemio"},"content":{"rendered":"<p>Fresco y elegante con notas de frutillas, cerezas y ciruelas que persisten en un final sofisticado con una acidez equilibrada y un toque de mineralidad. Se disfruta con frutos de mar, ensaladas, risottos y carnes.<\/p>\n<p>Varietal: 100% malbec.<\/p>\n<p>Edad de los vi\u00f1edos: 10 a\u00f1os.<\/p>\n<p>Ubicaci\u00f3n de los vi\u00f1edos: Maip\u00fa (2600 mts.SNM) Mendoza.<\/p>\n<p>Vinos org\u00e1nicos.<\/p>\n<p>A\u00f1ejamiento: 6 meses en botella.<\/p>\n<p>Potencial de guarda: 4 &#8211; 5 a\u00f1os.<\/p>\n","protected":false},"excerpt":{"rendered":"<p>Fresco y elegante con notas de frutillas, cerezas y ciruelas que persisten en un final sofisticado con una acidez equilibrada y un toque de mineralidad. Se disfruta con frutos de mar, ensaladas, risottos y carnes. Varietal: 100% malbec. Edad de los vi\u00f1edos: 10 a\u00f1os. Ubicaci\u00f3n de los vi\u00f1edos: Maip\u00fa (2600 mts.SNM) Mendoza. Vinos org\u00e1nicos. A\u00f1ejamiento:&hellip;<\/p>\n","protected":false},"featured_media":1001,"comment_status":"open","ping_status":"closed","template":"","meta":[],"product_brand":[147],"product_cat":[75,76,92],"product_tag":[],"class_list":{"0":"post-1000","1":"product","2":"type-product","3":"status-publish","4":"has-post-thumbnail","6":"product_brand-proemio-wines","7":"product_cat-vino-rosado","8":"product_cat-vino-rosado-seco","9":"product_cat-vinos-organicos","10":"product_shipping_class-a-coordinar-con-cliente","12":"first","13":"instock","14":"purchasable","15":"product-type-simple"},"_links":{"self":[{"href":"https:\/\/bacaratds.com.ar\/cosechatardia\/wp-json\/wp\/v2\/product\/1000","targetHints":{"allow":["GET"]}}],"collection":[{"href":"https:\/\/bacaratds.com.ar\/cosechatardia\/wp-json\/wp\/v2\/product"}],"about":[{"href":"https:\/\/bacaratds.com.ar\/cosechatardia\/wp-json\/wp\/v2\/types\/product"}],"replies":[{"embeddable":true,"href":"https:\/\/bacaratds.com.ar\/cosechatardia\/wp-json\/wp\/v2\/comments?post=1000"}],"wp:featuredmedia":[{"embeddable":true,"href":"https:\/\/bacaratds.com.ar\/cosechatardia\/wp-json\/wp\/v2\/media\/1001"}],"wp:attachment":[{"href":"https:\/\/bacaratds.com.ar\/cosechatardia\/wp-json\/wp\/v2\/media?parent=1000"}],"wp:term":[{"taxonomy":"product_brand","embeddable":true,"href":"https:\/\/bacaratds.com.ar\/cosechatardia\/wp-json\/wp\/v2\/product_brand?post=1000"},{"taxonomy":"product_cat","embeddable":true,"href":"https:\/\/bacaratds.com.ar\/cosechatardia\/wp-json\/wp\/v2\/product_cat?post=1000"},{"taxonomy":"product_tag","embeddable":true,"href":"https:\/\/bacaratds.com.ar\/cosechatardia\/wp-json\/wp\/v2\/product_tag?post=1000"}],"curies":[{"name":"wp","href":"https:\/\/api.w.org\/{rel}","templated":true}]}}